{"id":874,"date":"2009-01-14T10:23:15","date_gmt":"2009-01-14T18:23:15","guid":{"rendered":"http:\/\/www.reisekreise.net\/?page_id=2"},"modified":"2018-11-17T13:59:07","modified_gmt":"2018-11-17T12:59:07","slug":"ueber","status":"publish","type":"page","link":"https:\/\/www.reisekreise.net\/?page_id=874","title":{"rendered":"Videos zur Reise"},"content":{"rendered":"<p>Videos:<\/p>\n<p>&nbsp;<\/p>\n<p><a href=\"http:\/\/reisekreise.net.dd22926.kasserver.com\/wp-content\/uploads\/2010\/03\/hadravorturner-blog.wmv\" target=\"_blank\" rel=\"noopener\">J\u00f6rg2<\/a><\/p>\n<p><a href=\"http:\/\/reisekreise.net.dd22926.kasserver.com\/wp-content\/uploads\/2010\/03\/hadravorturner.wmv\" target=\"_blank\" rel=\"noopener\">J\u00f6rg<\/a><\/p>\n<p>Videos zu G\u00f6rb\u00b4s Polterabend in Wien (.wmv):<\/p>\n<p><a href=\"http:\/\/reisekreise.net.dd22926.kasserver.com\/wp-content\/uploads\/2009\/06\/goerb-bachelor2.wmv\" target=\"_blank\" rel=\"noopener\">G\u00f6rb`s bachelor party with the famous Waltaji Yang (Part II)<\/a><\/p>\n<p><a href=\"http:\/\/reisekreise.net.dd22926.kasserver.com\/wp-content\/uploads\/2009\/06\/goerb-bachelor1.wmv\" target=\"_blank\" rel=\"noopener\">G\u00f6rb`s bachelor party with the famous Waltaji Yang (Part I)<\/a><\/p>\n<p>Videos zu Italien (.wmv):<\/p>\n<p><a href=\"http:\/\/reisekreise.net.dd22926.kasserver.com\/wp-content\/uploads\/2009\/05\/franziskanersingen01.wmv\" target=\"_blank\" rel=\"noopener\">Hare Krishna J\u00fcnger als Franziskaner verkleidet<\/a><\/p>\n<p>Videos zu Griechenland (.wmv):<\/p>\n<p><a href=\"http:\/\/reisekreise.net.dd22926.kasserver.com\/wp-content\/uploads\/2009\/05\/wachabloese_athen01.wmv\" target=\"_blank\" rel=\"noopener\">Wachabl\u00f6se der Quastenschuhe in Athen<\/a><\/p>\n<p><a href=\"http:\/\/reisekreise.net.dd22926.kasserver.com\/wp-content\/uploads\/2009\/04\/griechentanzen03.wmv\" target=\"_blank\" rel=\"noopener\">Die alten Griechen tanzen in Rock und Strumpfhose in Arachova<\/a><\/p>\n<p><a href=\"http:\/\/reisekreise.net.dd22926.kasserver.com\/wp-content\/uploads\/2009\/05\/tanzbeimkirchenplatz01.wmv\" target=\"_blank\" rel=\"noopener\">Junge Burschn und Dirndln tanzen f\u00fcr den Heiligen Georgios in Arachova<\/a><\/p>\n<p><a href=\"http:\/\/reisekreise.net.dd22926.kasserver.com\/wp-content\/uploads\/2009\/05\/umzug_arachova01.wmv\" target=\"_blank\" rel=\"noopener\">Umzug mit Musikanten und trachtigen Leuten in Arachova<\/a><\/p>\n<p><a href=\"http:\/\/reisekreise.net.dd22926.kasserver.com\/wp-content\/uploads\/2009\/04\/lamm_spiess_arachnova01.wmv\" target=\"_blank\" rel=\"noopener\">Die Lamm-Spie\u00dfe von Arachnova<\/a><\/p>\n<p><a href=\"http:\/\/reisekreise.net.dd22926.kasserver.com\/wp-content\/uploads\/2009\/04\/mopele_meteora01.wmv\" target=\"_blank\" rel=\"noopener\">Mopele-Fahrt zu den Meteora-Kl\u00f6stern<\/a><\/p>\n<p>Videos zu Usbekistan (.wmv):<\/p>\n<p><a href=\"http:\/\/reisekreise.net.dd22926.kasserver.com\/wp-content\/uploads\/2009\/04\/grabsteinesamarkand03.wmv\" target=\"_blank\" rel=\"noopener\">Die Gesichter in den Grabsteinen von Samarkand<\/a><\/p>\n<p><a href=\"http:\/\/reisekreise.net.dd22926.kasserver.com\/wp-content\/uploads\/2009\/04\/registanvonoben01.wmv\" target=\"_blank\" rel=\"noopener\">Der Registan in Samarkand<\/a><\/p>\n<p>Videos zur T\u00fcrkei (.wmv):<\/p>\n<p><a href=\"http:\/\/reisekreise.net.dd22926.kasserver.com\/wp-content\/uploads\/2009\/04\/muezzinbattle01.wmv\" target=\"_blank\" rel=\"noopener\">Muezzinbattle in Istanbul<\/a><\/p>\n<p><a href=\"http:\/\/reisekreise.net.dd22926.kasserver.com\/wp-content\/uploads\/2009\/04\/schildkroetensex01.wmv\" target=\"_blank\" rel=\"noopener\">Das Liebesleben der Schildkr\u00f6ten in Kappadokien<\/a><\/p>\n<p><a href=\"http:\/\/reisekreise.net.dd22926.kasserver.com\/wp-content\/uploads\/2009\/03\/goeremerundumsicht01.wmv\" target=\"_blank\" rel=\"noopener\">Ein kleiner Blick \u00fcber Felsenlandschaft in G\u00f6reme<\/a><\/p>\n<p><a href=\"http:\/\/reisekreise.net.dd22926.kasserver.com\/wp-content\/uploads\/2009\/03\/balutragen01.wmv\" target=\"_blank\" rel=\"noopener\">Der Hund Balu aus Balutschistan &#8211; genannt Ketchup<\/a><\/p>\n<p>Videos zu Syrien (.wmv):<\/p>\n<p><a href=\"http:\/\/reisekreise.net.dd22926.kasserver.com\/wp-content\/uploads\/2009\/04\/palmyrarundum01.wmv\" target=\"_blank\" rel=\"noopener\">Blick auf die Ruinenstadt Palmyra<br \/>\n<\/a><\/p>\n<p>Die Ruinenstadt Palmyra<\/p>\n<p>Videos zu Israel (.wmv):<\/p>\n<p><a href=\"http:\/\/reisekreise.net.dd22926.kasserver.com\/wp-content\/uploads\/2009\/03\/jerusalemaltstadt01.wmv\" target=\"_blank\" rel=\"noopener\">Jerusalem old city-Rundblick vom \u00d6sterreich Hospiz aus<\/a><\/p>\n<p><a href=\"http:\/\/reisekreise.net.dd22926.kasserver.com\/wp-content\/uploads\/2009\/03\/klagemauerfreitagabendblog01.wmv\" target=\"_blank\" rel=\"noopener\">Die Klagemauer am Freitagabend<\/a><\/p>\n<p><a href=\"http:\/\/reisekreise.net.dd22926.kasserver.com\/wp-content\/uploads\/2009\/03\/masadavideoblog.wmv\" target=\"_blank\" rel=\"noopener\">Die Festung Masada mit spanischem Kommentator<br \/>\n<\/a><\/p>\n<p><a href=\"http:\/\/reisekreise.net.dd22926.kasserver.com\/wp-content\/uploads\/2009\/03\/engedi-freibad01.wmv\" target=\"_blank\" rel=\"noopener\">Die Freibadstimmung im En Gedi Nationalpark<\/a><\/p>\n<p><a href=\"http:\/\/reisekreise.net.dd22926.kasserver.com\/wp-content\/uploads\/2009\/03\/seegenezarethvidoklein.wmv\">Der See Genezareth und die singenden Pilger<\/a><\/p>\n<p><a href=\"http:\/\/reisekreise.net.dd22926.kasserver.com\/wp-content\/uploads\/2009\/03\/gesangingrabeskirche01.wmv\" target=\"_blank\" rel=\"noopener\">M\u00f6nchsgesang in der Grabeskirche<\/a><\/p>\n<p>Videos zu Jordanien (.wmv):<\/p>\n<p><a href=\"http:\/\/reisekreise.net.dd22926.kasserver.com\/wp-content\/uploads\/2009\/03\/indianajones02.wmv\" target=\"_blank\" rel=\"noopener\">Der Einritt in Petra<\/a><\/p>\n<p><a href=\"http:\/\/reisekreise.net.dd22926.kasserver.com\/wp-content\/uploads\/2009\/03\/moussa-singt1.wmv\" target=\"_blank\" rel=\"noopener\">Der singende Taxifahrer Mousa<\/a><\/p>\n<p><a href=\"http:\/\/reisekreise.net.dd22926.kasserver.com\/wp-content\/uploads\/2009\/03\/mousa-part1.wmv\" target=\"_blank\" rel=\"noopener\">Der plappernde Taxifahrer Mousa<\/a><\/p>\n<p><a href=\"http:\/\/reisekreise.net.dd22926.kasserver.com\/wp-content\/uploads\/2009\/03\/joergkamoeh.wmv\" target=\"_blank\" rel=\"noopener\">Der Kam\u00f6h-Ritt vom J\u00f6rg<\/a><\/p>\n<p>Videos zu \u00c4gypten (.wmv):<\/p>\n<p><a href=\"http:\/\/reisekreise.net.dd22926.kasserver.com\/wp-content\/uploads\/2009\/02\/mount_sinai.wmv\" target=\"_blank\" rel=\"noopener\">Der Berg der Zehn Gebote &#8211; Mount Sinai mit Judith und Wind<\/a><\/p>\n<p><a href=\"http:\/\/reisekreise.net.dd22926.kasserver.com\/wp-content\/uploads\/2009\/02\/edfufahrt.wmv\" target=\"_blank\" rel=\"noopener\">Taxifahrt dem Nil entlang nach Edfu<\/a><\/p>\n<p><a href=\"http:\/\/reisekreise.net.dd22926.kasserver.com\/wp-content\/uploads\/2009\/02\/horustempel.wmv\" target=\"_blank\" rel=\"noopener\">Der Horus-Tempel bei Edfu im Inneren<\/a><\/p>\n<p><a href=\"http:\/\/reisekreise.net.dd22926.kasserver.com\/wp-content\/uploads\/2009\/02\/nilfeluccafahrt.wmv\" target=\"_blank\" rel=\"noopener\">Die famose Fahrt auf dem Nil in der Felucca<\/a><\/p>\n<p><a href=\"http:\/\/reisekreise.net.dd22926.kasserver.com\/wp-content\/uploads\/2009\/02\/bollonfahrt01.wmv\" target=\"_blank\" rel=\"noopener\">Die Landung zur Ballonfahrt ueber den sugar cane fields in Luxor <\/a><\/p>\n<p><a href=\"http:\/\/reisekreise.net.dd22926.kasserver.com\/wp-content\/uploads\/2009\/02\/weissewueste.wmv\" target=\"_blank\" rel=\"noopener\">Trommeln und Gesang in der Weissen Wueste<\/a><\/p>\n<p><a href=\"http:\/\/reisekreise.net.dd22926.kasserver.com\/wp-content\/uploads\/2009\/01\/skylinevoncairo.wmv\" target=\"_blank\" rel=\"noopener\">Skyline von Cairo<\/a><\/p>\n<p>Videos zu Aethiopien(.wmv):<\/p>\n<p><a href=\"http:\/\/reisekreise.net.dd22926.kasserver.com\/wp-content\/uploads\/2009\/01\/hamer01.wmv\" target=\"_blank\" rel=\"noopener\">Hamer-Familie singend in ihrer Rundhuette<\/a><\/p>\n<p><a href=\"http:\/\/reisekreise.net.dd22926.kasserver.com\/wp-content\/uploads\/2009\/01\/messe-lalibela.wmv\" target=\"_blank\" rel=\"noopener\">Messe in der Felsenkirche in Lalibela<\/a><\/p>\n<p><a href=\"http:\/\/reisekreise.net.dd22926.kasserver.com\/wp-content\/uploads\/2009\/01\/hyaenen01.wmv\" target=\"_blank\" rel=\"noopener\">Der Hyaenenmann von Harar <\/a><\/p>\n<p><a href=\"http:\/\/reisekreise.net.dd22926.kasserver.com\/wp-content\/uploads\/2009\/01\/geladas-simien.wmv\" target=\"_blank\" rel=\"noopener\">Gelada-Baboons in den Simien-Mountains <\/a><\/p>\n<p><a href=\"http:\/\/reisekreise.net.dd22926.kasserver.com\/wp-content\/uploads\/2009\/01\/timkat01.wmv\" target=\"_blank\" rel=\"noopener\">Timkat-Fest in Addis Ababa &#8211; Auszug der Bundeslade<\/a><\/p>\n<p><a href=\"http:\/\/reisekreise.net.dd22926.kasserver.com\/wp-content\/uploads\/2009\/01\/nanetanz-timkat.wmv\" target=\"_blank\" rel=\"noopener\">Nane tanzt den Timkat-Schultertanz in Addis Ababa<\/a><\/p>\n<p><a href=\"http:\/\/reisekreise.net.dd22926.kasserver.com\/wp-content\/uploads\/2009\/01\/joerg-timkat.wmv\" target=\"_blank\" rel=\"noopener\">Joerg tanzt zum Timkat-Fest in Addis Ababa<\/a><\/p>\n<p><a href=\"http:\/\/reisekreise.net.dd22926.kasserver.com\/wp-content\/uploads\/2009\/01\/weihwasser-timkat.wmv\" target=\"_blank\" rel=\"noopener\">Weihwasser-Segnung zum Timkat-Fest in Addis Ababa<\/a><\/p>\n<p><a href=\"http:\/\/reisekreise.net.dd22926.kasserver.com\/wp-content\/uploads\/2009\/01\/messe-gyorgis.wmv\" target=\"_blank\" rel=\"noopener\">Outdoor-Messe bei der Gyorgis-Kathedrale in Addis Ababa<\/a><\/p>\n<p><a href=\"http:\/\/reisekreise.net.dd22926.kasserver.com\/wp-content\/uploads\/2009\/01\/crocodile01.wmv\" target=\"_blank\" rel=\"noopener\">Crocodile-Market in Arba Minch<\/a><\/p>\n<p><a href=\"http:\/\/reisekreise.net.dd22926.kasserver.com\/wp-content\/uploads\/2009\/01\/kindergartenarbaminch.wmv\" target=\"_blank\" rel=\"noopener\">Montessori-Kindergarten in Dimeka<\/a><\/p>\n<p><a href=\"http:\/\/www.ambestenweg.net\/html\/wp-content\/uploads\/2008\/09\/nane-redet-viel.gif\"><img loading=\"lazy\" decoding=\"async\" class=\"size-medium wp-image-239\" title=\"nane-redet-viel\" src=\"http:\/\/www.ambestenweg.net\/html\/wp-content\/uploads\/2008\/09\/nane-redet-viel.gif\" alt=\"nane-redet-viel\" width=\"160\" height=\"120\"><\/a><\/p>\n","protected":false},"excerpt":{"rendered":"<p>Videos: &nbsp; J\u00f6rg2 J\u00f6rg Videos zu G\u00f6rb\u00b4s Polterabend in Wien (.wmv): G\u00f6rb`s bachelor party with the famous Waltaji Yang (Part II) G\u00f6rb`s bachelor party with the famous Waltaji Yang (Part I) Videos zu Italien (.wmv): Hare Krishna J\u00fcnger als Franziskaner verkleidet Videos zu Griechenland (.wmv): Wachabl\u00f6se der Quastenschuhe in Athen Die alten Griechen tanzen in&hellip; <a class=\"more-link\" href=\"https:\/\/www.reisekreise.net\/?page_id=874\"><span class=\"screen-reader-text\">Videos zur Reise<\/span> weiterlesen<\/a><\/p>\n","protected":false},"author":2,"featured_media":0,"parent":0,"menu_order":0,"comment_status":"open","ping_status":"open","template":"","meta":{"footnotes":""},"class_list":["post-874","page","type-page","status-publish","hentry","entry"],"_links":{"self":[{"href":"https:\/\/www.reisekreise.net\/index.php?rest_route=\/wp\/v2\/pages\/874","targetHints":{"allow":["GET"]}}],"collection":[{"href":"https:\/\/www.reisekreise.net\/index.php?rest_route=\/wp\/v2\/pages"}],"about":[{"href":"https:\/\/www.reisekreise.net\/index.php?rest_route=\/wp\/v2\/types\/page"}],"author":[{"embeddable":true,"href":"https:\/\/www.reisekreise.net\/index.php?rest_route=\/wp\/v2\/users\/2"}],"replies":[{"embeddable":true,"href":"https:\/\/www.reisekreise.net\/index.php?rest_route=%2Fwp%2Fv2%2Fcomments&post=874"}],"version-history":[{"count":59,"href":"https:\/\/www.reisekreise.net\/index.php?rest_route=\/wp\/v2\/pages\/874\/revisions"}],"predecessor-version":[{"id":1057,"href":"https:\/\/www.reisekreise.net\/index.php?rest_route=\/wp\/v2\/pages\/874\/revisions\/1057"}],"wp:attachment":[{"href":"https:\/\/www.reisekreise.net\/index.php?rest_route=%2Fwp%2Fv2%2Fmedia&parent=874"}],"curies":[{"name":"wp","href":"https:\/\/api.w.org\/{rel}","templated":true}]}}